{"id":1136,"date":"2017-08-08T15:47:12","date_gmt":"2017-08-08T15:47:12","guid":{"rendered":"http:\/\/www.kappenberger-braun.cz\/?page_id=1136\/"},"modified":"2023-08-24T14:31:53","modified_gmt":"2023-08-24T14:31:53","slug":"informace-pro-akcionare","status":"publish","type":"page","link":"https:\/\/www.kappenberger-braun.cz\/cs\/kb-progress\/informace-pro-akcionare\/","title":{"rendered":"Valn\u00e1 hromada"},"content":{"rendered":"<pre>Dokumenty k valn\u00e9 hromad\u011b:<\/pre>\n<p><a href=\"http:\/\/www.kappenberger-braun.cz\/ea\/wp-content\/uploads\/2017\/08\/Valna_hromnada.pdf\">Valna_hromada<\/a><\/p>\n<p>1<\/p>\n<p>2<\/p>\n<p>3<\/p>\n","protected":false},"excerpt":{"rendered":"<p>Dokumenty k valn\u00e9 hromad\u011b: Valna_hromada 1 2 3<\/p>\n","protected":false},"author":4,"featured_media":0,"parent":411,"menu_order":0,"comment_status":"closed","ping_status":"closed","template":"tpl-news.php","meta":[],"_links":{"self":[{"href":"https:\/\/www.kappenberger-braun.cz\/cs\/wp-json\/wp\/v2\/pages\/1136"}],"collection":[{"href":"https:\/\/www.kappenberger-braun.cz\/cs\/wp-json\/wp\/v2\/pages"}],"about":[{"href":"https:\/\/www.kappenberger-braun.cz\/cs\/wp-json\/wp\/v2\/types\/page"}],"author":[{"embeddable":true,"href":"https:\/\/www.kappenberger-braun.cz\/cs\/wp-json\/wp\/v2\/users\/4"}],"replies":[{"embeddable":true,"href":"https:\/\/www.kappenberger-braun.cz\/cs\/wp-json\/wp\/v2\/comments?post=1136"}],"version-history":[{"count":8,"href":"https:\/\/www.kappenberger-braun.cz\/cs\/wp-json\/wp\/v2\/pages\/1136\/revisions"}],"predecessor-version":[{"id":1672,"href":"https:\/\/www.kappenberger-braun.cz\/cs\/wp-json\/wp\/v2\/pages\/1136\/revisions\/1672"}],"up":[{"embeddable":true,"href":"https:\/\/www.kappenberger-braun.cz\/cs\/wp-json\/wp\/v2\/pages\/411"}],"wp:attachment":[{"href":"https:\/\/www.kappenberger-braun.cz\/cs\/wp-json\/wp\/v2\/media?parent=1136"}],"curies":[{"name":"wp","href":"https:\/\/api.w.org\/{rel}","templated":true}]}}