{"id":1326,"date":"2018-10-09T14:39:10","date_gmt":"2018-10-09T14:39:10","guid":{"rendered":"http:\/\/www.kappenberger-braun.cz\/?page_id=1326"},"modified":"2018-11-15T17:44:27","modified_gmt":"2018-11-15T17:44:27","slug":"gdprcz","status":"publish","type":"page","link":"https:\/\/www.kappenberger-braun.cz\/cs\/kb-progress\/gdprcz\/","title":{"rendered":"GDPR &#8211; Obecn\u00e9 na\u0159\u00edzen\u00ed o ochran\u011b \u00fadaj\u016f"},"content":{"rendered":"<p><b><strong>Informace o\u00a0zpracov\u00e1n\u00ed osobn\u00edch \u00fadaj\u016f<\/strong><\/b><\/p>\n<p align=\"justify\"><span lang=\"en-GB\">V\u00e1\u017een\u00ed z\u00e1kazn\u00edci, <\/span><\/p>\n<p>v\u00e1\u017e\u00edme si Va\u0161\u00ed d\u016fv\u011bry a ubezpe\u010dujeme V\u00e1s, \u017ee k ochran\u011b osobn\u00edch \u00fadaj\u016f p\u0159istupujeme zodpov\u011bdn\u011b a p\u0159i jejich zpracov\u00e1n\u00ed se \u0159\u00edd\u00edme pr\u00e1vn\u00edmi p\u0159edpisy, zejm. na\u0159\u00edzen\u00edm Evropsk\u00e9ho parlamentu a Rady (EU) \u010d. 2016\/679 o ochran\u011b fyzick\u00fdch osob v souvislosti se zpracov\u00e1n\u00edm osobn\u00edch \u00fadaj\u016f, ve zn\u011bn\u00ed \u00fa\u010dinn\u00e9m od 25.05.2018 (d\u00e1le jen \u201eNa\u0159\u00edzen\u00ed\u201c), a z\u00e1konem \u010d. 101\/2000 Sb., o zpracov\u00e1n\u00ed osobn\u00edch \u00fadaj\u016f, v aktu\u00e1ln\u011b \u00fa\u010dinn\u00e9m zn\u011bn\u00ed. N\u00ed\u017ee nalezete informace o tom, kter\u00e9 osobn\u00ed \u00fadaje jsou z\u00edsk\u00e1van\u00e9 p\u0159i  n\u00e1v\u0161t\u011bv\u011b  a vyu\u017e\u00edvan\u00ed slu\u017eeb prost\u0159ednictv\u00edm webov\u00fdch B2B str\u00e1nek  <a href=\"http:\/\/www.b2b.k-b.cz\">www.b2b.k-b.cz<\/a>, <a href=\"https:\/\/www.b2b.k-b.sk\/\">www.b2b.k-b.sk<\/a>, za jak\u00fdm \u00fa\u010delem se tyto \u00fadaje vyu\u017e\u00edvaj\u00ed a jak\u00e9 jsou dal\u0161\u00ed podm\u00ednky jejich zpracovan\u00ed. <\/p>\n<p>Tato informace se net\u00fdk\u00e1 osobn\u00edch \u00fadaj\u016f pr\u00e1vnick\u00fdch osob v\u010detn\u011b n\u00e1zvu, pr\u00e1vn\u00ed formy a kontaktn\u00edch \u00fadaj\u016f pr\u00e1vnick\u00e9 osoby.<\/p>\n<p>Tato informace  je uve\u0159ejn\u011bna  na na\u0161ich  webov\u00fdch str\u00e1nk\u00e1ch <a href=\"http:\/\/www.kappenberger-braun.cz\"> www.kappenberger-braun.cz<\/a>, <a href=\"http:\/\/www.k-b.sk\">www.k-b.sk<\/a>, m\u016f\u017eete se tak k n\u00ed v budoucnu kdykoliv vr\u00e1tit.<\/p>\n<p><b><strong><u>Toto\u017enost a kontaktn\u00ed \u00fadaje spr\u00e1vce<\/u><\/strong><\/b><\/p>\n<p>Spr\u00e1vcem Va\u0161ich osobn\u00edch \u00fadaj\u016f je spole\u010dnost K+B Progres, a.s., se s\u00eddlem U expertu 91, 250 69 Kl\u00ed\u010dany, I\u010c: 63993503, DI\u010c: CZ63993503 (d\u00e1le jen \u201espr\u00e1vce\u201c), kter\u00e1 v\u00a0r\u00e1mci Slovensk\u00e9 republiky podnik\u00e1 prost\u0159ednictv\u00edm sv\u00e9 organiza\u010dn\u00ed slo\u017eky K+B Progres, a.s. organiza\u010dn\u00e1 zlo\u017eka, se s\u00eddlem Mlynsk\u00e9 nivy 71, 821 05 Bratislava, I\u010c: 50712501, DI\u010c: SK4120069492 (d\u00e1le jen \u201eorganiza\u010dn\u00ed slo\u017eka\u201c). Spr\u00e1vce je z\u00e1rove\u0148 provozovatelem B2B webov\u00fdch str\u00e1nek www.b2b.k-b.cz and\u00a0www.b2b.k-b.sk, (d\u00e1le jen \u201eweb B2B\u201c).<\/p>\n<p>Spr\u00e1vce informuje, \u017ee nejmenoval pov\u011b\u0159ence pro ochranu osobn\u00edch \u00fadaj\u016f. <\/p>\n<p><b><strong><u>\u00da\u010del a rozsah zpracov\u00e1n\u00ed<\/u><\/strong><\/b><\/p>\n<p>Spr\u00e1vce zpracov\u00e1v\u00e1 Va\u0161e osobn\u00ed \u00fadaje jako\u017eto sv\u00e9ho obchodn\u00edho partnera, resp. odb\u011bratele (d\u00e1le jen \u201eobchodn\u00ed partner\u201c) za \u00fa\u010delem velkoobchodn\u00edho prodeje zbo\u017e\u00ed realizovan\u00e9ho prost\u0159ednictv\u00edm webu B2B a dod\u00e1n\u00ed zakoupen\u00e9ho zbo\u017e\u00ed, a to v rozsahu: jm\u00e9no, p\u0159\u00edjmen\u00ed, obchodn\u00ed firma, I\u010cO, DI\u010c, faktura\u010dn\u00ed \u00fadaje (ulice, m\u011bsto a PS\u010c), adresa dod\u00e1n\u00ed (obchodn\u00ed firma, ulice, m\u011bsto a PS\u010c) a kontaktn\u00ed osoba (jm\u00e9no, p\u0159\u00edjmen\u00ed, E-mail, telefon) IP adresa, p\u0159ihla\u0161ovac\u00ed jm\u00e9no na web B2B a heslo.<\/p>\n<p>Podm\u00ednkou ud\u011blen\u00ed p\u0159\u00edstupu na web B2B je zalo\u017een\u00ed smluvn\u00edho vztahu mezi spr\u00e1vcem (pop\u0159. prost\u0159ednictv\u00edm organiza\u010dn\u00ed slo\u017eky) a obchodn\u00edm partnerem. Osobn\u00ed \u00fadaje zobrazen\u00e9 na webu B2B jsou p\u0159en\u00e1\u0161en\u00e9 z\u00a0informa\u010dn\u00edho syst\u00e9mu spr\u00e1vce. V\u00a0p\u0159\u00edpad\u011b ukon\u010den\u00ed smluvn\u00edho vztahu dojde k\u00a0ukon\u010den\u00ed p\u0159enosu osobn\u00edch \u00fadaj\u016f na web B2B a t\u00edm i k znemo\u017en\u011bn\u00ed p\u0159ihl\u00e1\u0161en\u00ed konkr\u00e9tn\u00edho obchodn\u00edho partnera.<\/p>\n<p>Po p\u0159ihl\u00e1\u0161en\u00ed obchodn\u00edho partnera na web B2B prost\u0159ednictv\u00edm p\u0159ihla\u0161ovac\u00edho jm\u00e9na a hesla doch\u00e1z\u00ed k\u00a0zaznamen\u00e1v\u00e1n\u00ed IP adresy p\u0159ihl\u00e1\u0161en\u00e9ho obchodn\u00edho partnera.<br \/>\nPro zas\u00edl\u00e1n\u00ed obchodn\u00edch sd\u011blen\u00ed obchodn\u00edm partner\u016fm spr\u00e1vce zpracov\u00e1v\u00e1 jejich e-mailovou adresu (v p\u0159\u00edpad\u011b zas\u00edl\u00e1n\u00ed e-mailov\u00fdch obchodn\u00edch sd\u011blen\u00ed) a jm\u00e9no, p\u0159\u00edjmen\u00ed a adresu (v p\u0159\u00edpad\u011b zas\u00edl\u00e1n\u00ed listinn\u00fdch obchodn\u00edch sd\u011blen\u00ed). <\/p>\n<p>Spr\u00e1vce Va\u0161e osobn\u00ed \u00fadaje zpracov\u00e1v\u00e1 jak automatizovan\u011b v informa\u010dn\u00edch syst\u00e9mech, tak manu\u00e1ln\u011b prost\u0159ednictv\u00edm sv\u00fdch zam\u011bstnanc\u016f, pop\u0159. zam\u011bstnanc\u016f p\u0159\u00edjemc\u016f (k p\u0159\u00edjemc\u016fm viz n\u00ed\u017ee).<br \/>\nZe strany spr\u00e1vce nedoch\u00e1z\u00ed k\u00a0automatick\u00e9mu individu\u00e1ln\u00edmu rozhodov\u00e1n\u00ed ve\u00a0smyslu \u010dl. 22 Na\u0159\u00edzen\u00ed.<br \/>\nSpr\u00e1vce d\u00e1le v\u00a0pozici zpracovatele zpracov\u00e1v\u00e1 Va\u0161e osobn\u00ed \u00fadaje v rozsahu jm\u00e9no, telefonn\u00ed kontakt, adresa, p\u0159\u00edp. kontaktn\u00ed osoba, nezbytn\u00e9 ke zprost\u0159edkov\u00e1n\u00ed komunikace mezi V\u00e1mi a\u00a0ostatn\u00edmi obchodn\u00edmi partnery v\u00a0pozici spr\u00e1vc\u016f za \u00fa\u010delem realizace jimi organizovan\u00fdch obchodn\u00edch a marketingov\u00fdch akc\u00ed. Bli\u017e\u0161\u00ed informace jsou k\u00a0dispozici u jednotliv\u00fdch obchodn\u00edch partner\u016f, kte\u0159\u00ed realizuj\u00ed p\u0159edm\u011btn\u00e9 obchodn\u00ed a marketingov\u00e9 akce.<\/p>\n<p><b><strong><u>Pr\u00e1vn\u00ed z\u00e1klad<\/u><\/strong><\/b><\/p>\n<p>Pr\u00e1vn\u00edm z\u00e1kladem zpracov\u00e1n\u00ed Va\u0161ich osobn\u00edch \u00fadaj\u016f ze strany spr\u00e1vce je skute\u010dnost, \u017ee toto zpracov\u00e1n\u00ed je nezbytn\u00e9 pro:<\/p>\n<ol>\n<li style=\"list-style-type: none;\">\n<ol>\n<li>spln\u011bn\u00ed smlouvy uzav\u0159en\u00e9 mezi V\u00e1mi (jako\u017eto obchodn\u00edm partnerem) a spr\u00e1vcem ve smyslu \u010dl. 6 odst. 1 p\u00edsm. b) Na\u0159\u00edzen\u00ed;<\/li>\n<li>spln\u011bn\u00ed pr\u00e1vn\u00edch povinnost\u00ed, kter\u00e9 se na spr\u00e1vce vztahuj\u00ed ve smyslu \u010dl. 6 odst. 1 p\u00edsm. c) Na\u0159\u00edzen\u00ed a kter\u00e9 vypl\u00fdvaj\u00ed z obecn\u011b z\u00e1vazn\u00fdch p\u0159edpis\u016f (zejm. z\u00a0ob\u010dansk\u00e9ho z\u00e1kon\u00edku, p\u0159\u00edp. z\u00a0ji\u017e ne\u00fa\u010dinn\u00e9ho obchodn\u00edho z\u00e1kon\u00edku, ze z\u00e1kona o dani z\u00a0p\u0159idan\u00e9 hodnoty a ze z\u00e1kona o \u00fa\u010detnictv\u00ed atd.);<\/li>\n<li>opr\u00e1vn\u011bn\u00fd z\u00e1jem spr\u00e1vce ve smyslu \u010dl. 6 odst. 1 p\u00edsm. f) Na\u0159\u00edzen\u00ed, a to konkr\u00e9tn\u011b spo\u010d\u00edvaj\u00edc\u00ed v podpo\u0159e obchodn\u00ed \u010dinnosti spr\u00e1vce, zejm. formou rozes\u00edl\u00e1n\u00ed elektronick\u00fdch \u010di listinn\u00fdch obchodn\u00edch sd\u011blen\u00ed spr\u00e1vce jeho obchodn\u00edm partner\u016fm, p\u0159i\u010dem\u017e v\u016f\u010di takov\u00e9mu rozes\u00edl\u00e1n\u00ed lze podat n\u00e1mitku (v\u00edce informac\u00ed viz kapitola \u201eN\u00e1mitka proti p\u0159\u00edm\u00e9mu marketingu\u201c).<\/li>\n<\/ol>\n<\/li>\n<\/ol>\n<p><b><strong><u>Zdroje osobn\u00edch \u00fadaj\u016f<\/u><\/strong><\/b><\/p>\n<p>Osobn\u00ed \u00fadaje, kter\u00e9 o V\u00e1s spr\u00e1vce zpracov\u00e1v\u00e1, poch\u00e1zej\u00ed z\u00a0n\u00e1sleduj\u00edc\u00edch zdroj\u016f:<\/p>\n<ol>\n<li>\u00fadaje jste s\u00e1m\/sama poskytl(a) spr\u00e1vci zejm. v souvislosti s uzav\u0159en\u00edm smlouvy;<\/li>\n<li>\u00fadaje poch\u00e1zej\u00ed z\u00a0sv\u00fdm \u00fa\u010delem kompatibiln\u00edch ve\u0159ejn\u00fdch zdroj\u016f, seznam\u016f a evidenc\u00ed, jako jsou nap\u0159. obchodn\u00ed rejst\u0159\u00edk, \u017eivnostensk\u00fd rejst\u0159\u00edk \u010di insolven\u010dn\u00ed rejst\u0159\u00edk.<\/li>\n<\/ol>\n<p><b><strong><u>Doba ulo\u017een\u00ed <\/u><\/strong><\/b><\/p>\n<p>Va\u0161e osobn\u00ed \u00fadaje jsou zpracov\u00e1v\u00e1ny po dobu trv\u00e1n\u00ed Va\u0161eho smluvn\u00edho vztahu se spr\u00e1vcem, n\u00e1sledn\u011b do okam\u017eiku uplynut\u00ed z\u00e1ru\u010dn\u00ed lh\u016fty a d\u00e1le po dobu nutnou pro \u00fa\u010dely archivov\u00e1n\u00ed podle p\u0159\u00edslu\u0161n\u00fdch obecn\u011b z\u00e1vazn\u00fdch pr\u00e1vn\u00edch p\u0159edpis\u016f, nejd\u00e9le v\u0161ak po dobu stanovenou obecn\u011b z\u00e1vazn\u00fdmi pr\u00e1vn\u00edmi p\u0159edpisy<br \/>\n.<br \/>\nVa\u0161e osobn\u00ed \u00fadaje budou spr\u00e1vcem rovn\u011b\u017e zpracov\u00e1v\u00e1ny po dobu veden\u00ed p\u0159\u00edpadn\u00fdch soudn\u00edch spor\u016f a d\u00e1le po dobu, ve kter\u00e9 m\u016f\u017eete uplat\u0148ovat sv\u00e9 n\u00e1roky v\u016f\u010di spr\u00e1vci nebo spr\u00e1vce v\u016f\u010di V\u00e1m.<\/p>\n<p><b><strong><u>P\u0159\u00edjemci osobn\u00edch \u00fadaj\u016f <\/u><\/strong><\/b><\/p>\n<p>Pro vy\u0159\u00edzen\u00ed Va\u0161\u00ed objedn\u00e1vky na webu B2B spr\u00e1vce p\u0159ed\u00e1v\u00e1 Va\u0161e osobn\u00ed \u00fadaje n\u00e1sleduj\u00edc\u00edm p\u0159\u00edjemc\u016fm: <\/p>\n<ol>\n<li>logistick\u00fdm a doru\u010dovatelsk\u00fdm spole\u010dnostem<\/li>\n<li>poskytovatel\u016fm IT \u0159e\u0161en\u00ed<\/li>\n<\/ol>\n<p>P\u0159ed\u00e1v\u00e1n\u00ed Va\u0161ich osobn\u00edch \u00fadaj\u016f smluvn\u00edm partner\u016fm spr\u00e1vce je prov\u00e1d\u011bno na z\u00e1klad\u011b uzav\u0159en\u00e9 smlouvy o zpracov\u00e1n\u00ed osobn\u00edch \u00fadaj\u016f. <\/p>\n<p>Pokud je to nevyhnutn\u00e9 pro spln\u011bn\u00ed pr\u00e1vn\u00ed povinnosti spr\u00e1vce, tak spr\u00e1vce Va\u0161e osobn\u00ed \u00fadaje m\u016f\u017ee d\u00e1le poskytnout org\u00e1n\u016fm finan\u010dn\u00ed spr\u00e1vy \u010di jin\u00e9mu org\u00e1nu ve\u0159ejn\u00e9 moci v\u00a0p\u0159\u00edpadech, kdy tak spr\u00e1vci ukl\u00e1daj\u00ed obecn\u011b z\u00e1vazn\u00e9 pr\u00e1vn\u00ed p\u0159edpisy.<br \/>\nOsobn\u00ed \u00fadaje obchodn\u00edch partner\u016f se nezve\u0159ej\u0148uj\u00ed a\u00a0nep\u0159en\u00e1\u0161ej\u00ed se do t\u0159et\u00edch zem\u00ed (do zem\u00ed mimo EU) nebo mezin\u00e1rodn\u00edch organizac\u00ed.<\/p>\n<p><b><strong><u>Right of access<\/u><\/strong><\/b><\/p>\n<p>Nem\u00e1te povinnost poskytnout Va\u0161e osobn\u00ed \u00fadaje spr\u00e1vci. Poskytnut\u00ed osobn\u00edch \u00fadaj\u016f je v\u0161ak nutn\u00fdm po\u017eadavkem pro uzav\u0159en\u00ed smlouvy se spr\u00e1vcem a pro jej\u00ed pln\u011bn\u00ed, tud\u00ed\u017e bez jejich poskytnut\u00ed nen\u00ed mo\u017en\u00e9 smlouvu uzav\u0159\u00edt \u010di ji ze strany spr\u00e1vce splnit.<\/p>\n<p>Pokud jde o Va\u0161e osobn\u00ed \u00fadaje, m\u00e1te v\u016f\u010di spr\u00e1vci n\u00e1sleduj\u00edc\u00ed pr\u00e1va:<\/p>\n<ul>\n<li><span>1.  <\/span><u>Pr\u00e1vo na p\u0159\u00edstup <\/u><\/li>\n<\/ul>\n<p>M\u016f\u017eete spr\u00e1vce po\u017e\u00e1dat o p\u0159\u00edstup k osobn\u00edm \u00fadaj\u016fm, kter\u00e9 o V\u00e1s zpracov\u00e1v\u00e1. <\/p>\n<p>Spr\u00e1vce informace o spr\u00e1v\u011b osobn\u00edch \u00fadaj\u016f poskytne subjektu \u00fadaj\u016f na z\u00e1klad\u011b doru\u010den\u00e9 p\u00edsemn\u00e9 \u017e\u00e1dosti. Poskytnut\u00ed informace je bezplatn\u00e9, pokud se neprok\u00e1\u017ee, \u017ee \u017e\u00e1dost je neopodstatn\u011bn\u00e1 nebo nep\u0159im\u011b\u0159en\u00e1 anebo m\u00e1 opakuj\u00edc\u00ed se povahu. V\u00a0takov\u00e9m p\u0159\u00edpad\u011b m\u00e1 spr\u00e1vce n\u00e1rok po\u017eadovat p\u0159im\u011b\u0159en\u00fd administrativn\u00ed poplatek nebo odm\u00edtnout tuto \u017e\u00e1dost. P\u0159i pochybnostech v souvislosti s toto\u017enost\u00ed fyzick\u00e9 osoby, m\u00e1 spr\u00e1vce pr\u00e1vo po\u017eadovat poskytnut\u00ed dodate\u010dn\u00fdch informac\u00ed, kter\u00e9 povede k dostate\u010dn\u00e9mu potvrzen\u00ed toto\u017enosti fyzick\u00e9 osoby.<\/p>\n<p>Spr\u00e1vce poskytne po\u017eadovan\u00e9 informace ve stru\u010dn\u00e9, transparentn\u00ed, srozumiteln\u00e9 a lehce dostupn\u00e9 form\u011b, formulovan\u00e9 jasn\u011b a jednodu\u0161e, a to nejpozd\u011bji do 30 dn\u016f od doru\u010den\u00ed \u017e\u00e1dosti. Informace se poskytnou v\u017edy v takov\u00e9 form\u011b, v jak\u00e9 bylo o n\u011b po\u017e\u00e1d\u00e1no (elektronicky tud\u00ed\u017e e-mailem, nebo v listinn\u00e9 podob\u011b).<\/p>\n<ul start=\"2\" >\n<li><span>2.  <\/span><u>Pr\u00e1vo na opravu<\/u><\/li>\n<\/ul>\n<p>M\u016f\u017eete po\u017e\u00e1dat spr\u00e1vce o opravu nep\u0159esn\u00fdch nebo nekompletn\u00edch osobn\u00edch \u00fadaj\u016f, kter\u00e9 o V\u00e1s zpracov\u00e1v\u00e1.<\/p>\n<ul start=\"3\">\n<li><span>3.  <\/span><u>Pr\u00e1vo na v\u00fdmaz <\/u><\/li>\n<\/ul>\n<p>M\u016f\u017eete spr\u00e1vce po\u017e\u00e1dat, aby vymazal Va\u0161e osobn\u00ed \u00fadaje, pokud dojde k n\u011bkter\u00e9 z n\u00e1sleduj\u00edc\u00edch situac\u00ed:<\/p>\n<ul>\n<li><span>1.  <\/span>osobn\u00ed \u00fadaje ji\u017e nejsou pot\u0159ebn\u00e9 pro \u00fa\u010dely, pro kter\u00e9 byly shrom\u00e1\u017ed\u011bny nebo jinak zpracov\u00e1ny;<\/li>\n<li><span>2.  <\/span>odvolal(a) jste souhlas, na jeho\u017e z\u00e1klad\u011b byly Va\u0161e osobn\u00ed \u00fadaje zpracov\u00e1ny, a neexistuje \u017e\u00e1dn\u00fd dal\u0161\u00ed pr\u00e1vn\u00ed d\u016fvod pro jejich zpracov\u00e1n\u00ed;<\/ui>\n<li><span>3.  <\/span>vznesl(a) jste n\u00e1mitku proti tomu b\u00fdt p\u0159edm\u011btem rozhodov\u00e1n\u00ed zalo\u017een\u00e9ho na automatizovan\u00e9m zpracov\u00e1n\u00ed Va\u0161ich osobn\u00edch \u00fadaj\u016f a neexistuj\u00ed \u017e\u00e1dn\u00e9 p\u0159eva\u017euj\u00edc\u00ed opr\u00e1vn\u011bn\u00e9 d\u016fvody pro takov\u00e9to zpracov\u00e1n\u00ed nebo jste vznesl(a) n\u00e1mitky proti zpracov\u00e1n\u00ed Va\u0161ich osobn\u00edch \u00fadaj\u016f pro \u00fa\u010dely p\u0159\u00edm\u00e9ho marketingu;<\/li>\n<li><span>4.  <\/span>Va\u0161e osobn\u00ed \u00fadaje byly zpracov\u00e1ny protipr\u00e1vn\u011b;<\/li>\n<li><span>5.  <\/span>Va\u0161e osobn\u00ed \u00fadaje mus\u00ed b\u00fdt vymaz\u00e1ny ke spln\u011bn\u00ed pr\u00e1vn\u00ed povinnosti stanoven\u00e9 v pr\u00e1vu Evropsk\u00e9 Unie nebo \u010dlensk\u00e9ho st\u00e1tu, kter\u00e9 se na n\u00e1s jako\u017eto spr\u00e1vce vztahuje;<\/li>\n<li><span>6.  <\/span>Va\u0161e osobn\u00ed \u00fadaje byly shrom\u00e1\u017ed\u011bny v souvislosti s nab\u00eddkou slu\u017eeb informa\u010dn\u00ed spole\u010dnosti.<\/li>\n<\/ul>\n<p>&nbsp;<\/p>\n<ul start=\"4\">\n<li><span>4.  <\/span><u>Pr\u00e1vo na omezen\u00ed zpracov\u00e1n\u00ed <\/u><\/li>\n<\/ul>\n<p>M\u016f\u017eete spr\u00e1vce po\u017e\u00e1dat, aby omezil zpracov\u00e1n\u00ed Va\u0161ich osobn\u00edch \u00fadaj\u016f, pokud dojde k n\u011bkter\u00e9 z n\u00e1sleduj\u00edc\u00edch situac\u00ed:<\/p>\n<ul>\n<li><span>1.  <\/span>pop\u0159el(a) jste p\u0159esnost Va\u0161ich osobn\u00edch \u00fadaj\u016f, a to na dobu pot\u0159ebnou k tomu, aby spr\u00e1vce mohl p\u0159esnost osobn\u00edch \u00fadaj\u016f ov\u011b\u0159it;<\/li>\n<li><span>2.  <\/span>zpracov\u00e1n\u00ed Va\u0161ich osobn\u00edch \u00fadaj\u016f je protipr\u00e1vn\u00ed, ale odm\u00edt\u00e1te v\u00fdmaz t\u011bchto \u00fadaj\u016f a m\u00edsto toho \u017e\u00e1d\u00e1te o omezen\u00ed jejich pou\u017eit\u00ed;<\/li>\n<li><span>3.  <\/span>spr\u00e1vce ji\u017e osobn\u00ed \u00fadaje nepot\u0159ebuje pro \u00fa\u010dely zpracov\u00e1n\u00ed, ale Vy je po\u017eadujete pro ur\u010den\u00ed, v\u00fdkon nebo obhajobu pr\u00e1vn\u00edch n\u00e1rok\u016f;<\/li>\n<li><span>4.  <\/span>vznesl(a) jste n\u00e1mitku proti zpracov\u00e1n\u00ed Va\u0161ich osobn\u00edch \u00fadaj\u016f podle \u010dl. 21 odst. 1 Na\u0159\u00edzen\u00ed, dokud nebude ov\u011b\u0159eno, zda opr\u00e1vn\u011bn\u00e9 d\u016fvody spr\u00e1vce p\u0159eva\u017euj\u00ed nad Va\u0161imi opr\u00e1vn\u011bn\u00fdmi d\u016fvody.<\/li>\n<\/ul>\n<p><b><strong><u>\u00a0<\/u><\/strong><\/b><\/p>\n<ul start=\"5\">\n<li><span>5.  <\/span><u>Pr\u00e1vo na p\u0159enositelnost \u00fadaj\u016f<\/u><\/li>\n<\/ul>\n<p>V p\u0159\u00edpadech zpracov\u00e1n\u00ed osobn\u00edch \u00fadaj\u016f zalo\u017een\u00fdch na souhlasu nebo smlouv\u011b a zpracov\u00e1van\u00fdch automatizovan\u011b m\u00e1te pr\u00e1vo z\u00edskat osobn\u00ed \u00fadaje, kter\u00e9 se V\u00e1s t\u00fdkaj\u00ed a kter\u00e9 jste spr\u00e1vci poskytl(a), a pr\u00e1vo p\u0159edat tyto \u00fadaje jin\u00e9mu spr\u00e1vci, a to ve strukturovan\u00e9m, b\u011b\u017en\u011b pou\u017e\u00edvan\u00e9m a strojov\u011b \u010diteln\u00e9m form\u00e1tu s t\u00edm, \u017ee t\u00edmto pr\u00e1vem nesm\u00ed b\u00fdt nep\u0159\u00edzniv\u011b dot\u010dena pr\u00e1va a svobody jin\u00fdch osob.<\/p>\n<p><b><strong><u>\u00a0<\/u><\/strong><\/b><\/p>\n<ul start=\"6\">\n<li><span>6.  <\/span><u>Pr\u00e1vo na odvol\u00e1n\u00ed souhlasu <\/u><\/li>\n<\/ul>\n<p>Pokud je zpracov\u00e1n\u00ed Va\u0161ich osobn\u00edch \u00fadaj\u016f zalo\u017eeno na souhlasu, m\u00e1te pr\u00e1vo V\u00e1\u0161 souhlas se zpracov\u00e1n\u00edm osobn\u00edch \u00fadaj\u016f pro \u00fa\u010del, pro kter\u00fd jste spr\u00e1vci ud\u011blil(a) souhlas, kdykoliv odvolat, a to s \u00fa\u010dinky do budoucna.<\/p>\n<ul start=\"7\">\n<li><span>7.  <\/span><u>Pr\u00e1vo vzn\u00e9st n\u00e1mitku <\/u><\/li>\n<\/ul>\n<p>M\u016f\u017eete v\u016f\u010di spr\u00e1vci kdykoliv vzn\u00e9st n\u00e1mitku proti zpracov\u00e1n\u00ed Va\u0161ich osobn\u00edch \u00fadaj\u016f prov\u00e1d\u011bn\u00e9ho na z\u00e1klad\u011b opr\u00e1vn\u011bn\u00e9ho z\u00e1jmu spr\u00e1vce a pro \u00fa\u010dely p\u0159\u00edm\u00e9ho marketingu prov\u00e1d\u011bn\u00e9ho na z\u00e1klad\u011b opr\u00e1vn\u011bn\u00e9ho z\u00e1jmu spr\u00e1vce. V\u00edce informac\u00ed k pr\u00e1vu vzn\u00e9st n\u00e1mitku v jednotliv\u00fdch p\u0159\u00edpadech zpracov\u00e1n\u00ed Va\u0161ich osobn\u00edch \u00fadaj\u016f naleznete v kapitole \u201eN\u00e1mitka proti p\u0159\u00edm\u00e9mu marketingu\u201c.<\/p>\n<ul start=\"8\">\n<li><span>8.  <\/span><u>Pr\u00e1vo b\u00fdt informov\u00e1n<\/u><\/li>\n<\/ul>\n<p>M\u00e1te pr\u00e1vo b\u00fdt spr\u00e1vcem informov\u00e1n v p\u0159\u00edpad\u011b, \u017ee nastalo poru\u0161en\u00ed zabezpe\u010den\u00ed Va\u0161ich osobn\u00edch \u00fadaj\u016f, kdy je pravd\u011bpodobn\u00e9, \u017ee tento p\u0159\u00edpad bude m\u00edt za n\u00e1sledek vysok\u00e9 riziko pro pr\u00e1va a svobody fyzick\u00fdch osob v\u010detn\u011b V\u00e1s.<\/p>\n<ul start=\"9\">\n<li><span>9.  <\/span><u>Pr\u00e1vo ve vztahu k automatizovan\u00e9mu zpracov\u00e1n\u00ed<\/u><\/li>\n<\/ul>\n<p>M\u00e1te pr\u00e1vo neb\u00fdt p\u0159edm\u011btem rozhodnut\u00ed zalo\u017een\u00e9ho v\u00fdhradn\u011b na automatizovan\u00e9m zpracov\u00e1n\u00ed, v\u010detn\u011b profilov\u00e1n\u00ed, kter\u00e9 m\u00e1 pro V\u00e1s pr\u00e1vn\u00ed \u00fa\u010dinky nebo se V\u00e1s obdobn\u00fdm zp\u016fsobem v\u00fdznamn\u011b dot\u00fdk\u00e1.<\/p>\n<ul start=\"10\">\n<li><span>10.  <\/span><u>Pr\u00e1vo podat st\u00ed\u017enost <\/u><\/li>\n<\/ul>\n<p>Pokud byste se domn\u00edval(a), \u017ee zpracov\u00e1n\u00edm Va\u0161ich osobn\u00edch \u00fadaj\u016f bylo poru\u0161eno \u010di je poru\u0161ov\u00e1no Na\u0159\u00edzen\u00ed, m\u00e1te pr\u00e1vo podat st\u00ed\u017enost u dozorov\u00e9ho org\u00e1nu, kter\u00fdm je v \u010cesk\u00e9 republice \u00da\u0159ad na ochranu osobn\u00edch \u00fadaj\u016f, se s\u00eddlem Pplk. Sochora 27, 170 00 Praha 7, webov\u00e9 str\u00e1nky:\u00a0<a href=\"http:\/\/www.uoou.cz\/\">www.uoou.cz<\/a>.<\/p>\n<p>Za \u00fa\u010delem uplatn\u011bn\u00ed sv\u00fdch pr\u00e1v dle Na\u0159\u00edzen\u00ed \u010di v p\u0159\u00edpad\u011b jak\u00fdchkoli ot\u00e1zek nebo st\u00ed\u017enost\u00ed se m\u016f\u017eete obr\u00e1tit na spr\u00e1vce prost\u0159ednictv\u00edm e-mailu oou@kbprogres.cz nebo p\u00edsemn\u011b na adrese:<\/p>\n<p>&#8211;\u00a0\u00a0\u00a0\u00a0\u00a0\u00a0\u00a0in cases of processing your personal data in relation to the Czech Republic: K+B\u00a0Progres,\u00a0a.s., U\u00a0Expertu\u00a091, Kl\u00ed\u010dany 250 69, Czech Republic;<\/p>\n<p>&#8211;\u00a0\u00a0\u00a0\u00a0\u00a0\u00a0in cases of processing your personal data in relation to the Slovak Republic: K+B\u00a0Progres,\u00a0a.s., organiza\u010dn\u00e1 zlo\u017eka, Mlynsk\u00e9 Nivy 71, Bratislava 821 05, Slovak Republic.<\/p>\n<p>The Controller shall investigate each complaint and shall inform the complainant about the result of the investigation within 30 days from delivery of the complaint. Should settlement of the complaint require a longer period, the complainant shall be informed of prolongation of the period of settlement of the complaint.<br \/>\n<b><strong><u>Objection to direct marketing<\/u><\/strong><\/b><\/p>\n<p>Anytime, you have the right to raise free of charge an objection with the Controller to your personal data processing for the purpose of direct marketing which is performed without your consent, by email to email address oou@kbprogres.cz or in written to the address:<\/p>\n<p>&#8211;\u00a0\u00a0\u00a0\u00a0\u00a0\u00a0\u00a0in case of processing of your personal data in relation to the Czech Republic: K+B Progres, a.s., U\u00a0Expertu\u00a091, Kl\u00ed\u010dany 250 69, Czech Republic;<\/p>\n<p>&#8211;\u00a0\u00a0\u00a0\u00a0\u00a0\u00a0\u00a0in case of processing of your personal data in relation to the Slovak Republic: K+B Progres, a.s., Branch Office, Mlynsk\u00e9 Nivy 71, Bratislava 821 05, Slovak Republic.<\/p>\n","protected":false},"excerpt":{"rendered":"<p>Informace o\u00a0zpracov\u00e1n\u00ed osobn\u00edch \u00fadaj\u016f V\u00e1\u017een\u00ed z\u00e1kazn\u00edci, v\u00e1\u017e\u00edme si Va\u0161\u00ed d\u016fv\u011bry a ubezpe\u010dujeme V\u00e1s, \u017ee k ochran\u011b osobn\u00edch \u00fadaj\u016f p\u0159istupujeme zodpov\u011bdn\u011b a p\u0159i jejich zpracov\u00e1n\u00ed se \u0159\u00edd\u00edme pr\u00e1vn\u00edmi p\u0159edpisy, zejm. na\u0159\u00edzen\u00edm Evropsk\u00e9ho parlamentu a Rady (EU) \u010d. 2016\/679 o ochran\u011b fyzick\u00fdch osob v souvislosti se zpracov\u00e1n\u00edm osobn\u00edch \u00fadaj\u016f, ve zn\u011bn\u00ed \u00fa\u010dinn\u00e9m od 25.05.2018 (d\u00e1le jen \u201eNa\u0159\u00edzen\u00ed\u201c), a z\u00e1konem \u010d. 101\/2000 Sb., o zpracov\u00e1n\u00ed osobn\u00edch \u00fadaj\u016f, v aktu\u00e1ln\u011b \u00fa\u010dinn\u00e9m zn\u011bn\u00ed. N\u00ed\u017ee nalezete informace o tom, kter\u00e9 osobn\u00ed \u00fadaje jsou z\u00edsk\u00e1van\u00e9 p\u0159i n\u00e1v\u0161t\u011bv\u011b a vyu\u017e\u00edvan\u00ed slu\u017eeb prost\u0159ednictv\u00edm webov\u00fdch B2B str\u00e1nek www.b2b.k-b.cz, www.b2b.k-b.sk, za jak\u00fdm \u00fa\u010delem se tyto \u00fadaje vyu\u017e\u00edvaj\u00ed a jak\u00e9 jsou dal\u0161\u00ed podm\u00ednky jejich zpracovan\u00ed. Tato informace se net\u00fdk\u00e1 osobn\u00edch \u00fadaj\u016f pr\u00e1vnick\u00fdch osob v\u010detn\u011b n\u00e1zvu, pr\u00e1vn\u00ed formy a kontaktn\u00edch \u00fadaj\u016f pr\u00e1vnick\u00e9 osoby. Tato informace je uve\u0159ejn\u011bna na na\u0161ich webov\u00fdch str\u00e1nk\u00e1ch www.kappenberger-braun.cz, www.k-b.sk, m\u016f\u017eete se tak k n\u00ed v budoucnu kdykoliv vr\u00e1tit. Toto\u017enost a kontaktn\u00ed \u00fadaje spr\u00e1vce Spr\u00e1vcem Va\u0161ich osobn\u00edch \u00fadaj\u016f je spole\u010dnost K+B Progres, a.s., se s\u00eddlem U expertu 91, 250 69 Kl\u00ed\u010dany, I\u010c: 63993503, DI\u010c: CZ63993503 (d\u00e1le jen \u201espr\u00e1vce\u201c), kter\u00e1 v\u00a0r\u00e1mci Slovensk\u00e9 republiky podnik\u00e1 prost\u0159ednictv\u00edm sv\u00e9 organiza\u010dn\u00ed slo\u017eky K+B Progres, a.s. organiza\u010dn\u00e1 zlo\u017eka, se s\u00eddlem Mlynsk\u00e9 nivy 71, 821 05 Bratislava, I\u010c: 50712501, DI\u010c: SK4120069492 (d\u00e1le jen \u201eorganiza\u010dn\u00ed slo\u017eka\u201c). Spr\u00e1vce je z\u00e1rove\u0148 provozovatelem B2B webov\u00fdch str\u00e1nek www.b2b.k-b.cz and\u00a0www.b2b.k-b.sk, (d\u00e1le jen \u201eweb B2B\u201c). Spr\u00e1vce informuje, \u017ee nejmenoval pov\u011b\u0159ence pro ochranu osobn\u00edch \u00fadaj\u016f. \u00da\u010del a rozsah zpracov\u00e1n\u00ed Spr\u00e1vce zpracov\u00e1v\u00e1 Va\u0161e osobn\u00ed \u00fadaje jako\u017eto sv\u00e9ho obchodn\u00edho partnera, resp. odb\u011bratele (d\u00e1le jen \u201eobchodn\u00ed partner\u201c) za \u00fa\u010delem velkoobchodn\u00edho prodeje zbo\u017e\u00ed realizovan\u00e9ho prost\u0159ednictv\u00edm webu B2B a dod\u00e1n\u00ed zakoupen\u00e9ho zbo\u017e\u00ed, a to v rozsahu: jm\u00e9no, p\u0159\u00edjmen\u00ed, obchodn\u00ed firma, I\u010cO, DI\u010c, faktura\u010dn\u00ed \u00fadaje (ulice, m\u011bsto a PS\u010c), adresa dod\u00e1n\u00ed (obchodn\u00ed firma, ulice, m\u011bsto a PS\u010c) a kontaktn\u00ed osoba (jm\u00e9no, p\u0159\u00edjmen\u00ed, E-mail, telefon) IP adresa, p\u0159ihla\u0161ovac\u00ed jm\u00e9no na web B2B a heslo. Podm\u00ednkou ud\u011blen\u00ed p\u0159\u00edstupu na web B2B je zalo\u017een\u00ed smluvn\u00edho vztahu mezi spr\u00e1vcem (pop\u0159. prost\u0159ednictv\u00edm organiza\u010dn\u00ed slo\u017eky) a obchodn\u00edm partnerem. Osobn\u00ed \u00fadaje zobrazen\u00e9 na webu B2B jsou p\u0159en\u00e1\u0161en\u00e9 z\u00a0informa\u010dn\u00edho syst\u00e9mu spr\u00e1vce. V\u00a0p\u0159\u00edpad\u011b ukon\u010den\u00ed smluvn\u00edho vztahu dojde k\u00a0ukon\u010den\u00ed p\u0159enosu osobn\u00edch \u00fadaj\u016f na web B2B a t\u00edm i k znemo\u017en\u011bn\u00ed p\u0159ihl\u00e1\u0161en\u00ed &hellip;<\/p>\n","protected":false},"author":4,"featured_media":0,"parent":411,"menu_order":2,"comment_status":"closed","ping_status":"closed","template":"tpl-privacy.php","meta":[],"_links":{"self":[{"href":"https:\/\/www.kappenberger-braun.cz\/cs\/wp-json\/wp\/v2\/pages\/1326"}],"collection":[{"href":"https:\/\/www.kappenberger-braun.cz\/cs\/wp-json\/wp\/v2\/pages"}],"about":[{"href":"https:\/\/www.kappenberger-braun.cz\/cs\/wp-json\/wp\/v2\/types\/page"}],"author":[{"embeddable":true,"href":"https:\/\/www.kappenberger-braun.cz\/cs\/wp-json\/wp\/v2\/users\/4"}],"replies":[{"embeddable":true,"href":"https:\/\/www.kappenberger-braun.cz\/cs\/wp-json\/wp\/v2\/comments?post=1326"}],"version-history":[{"count":17,"href":"https:\/\/www.kappenberger-braun.cz\/cs\/wp-json\/wp\/v2\/pages\/1326\/revisions"}],"predecessor-version":[{"id":1405,"href":"https:\/\/www.kappenberger-braun.cz\/cs\/wp-json\/wp\/v2\/pages\/1326\/revisions\/1405"}],"up":[{"embeddable":true,"href":"https:\/\/www.kappenberger-braun.cz\/cs\/wp-json\/wp\/v2\/pages\/411"}],"wp:attachment":[{"href":"https:\/\/www.kappenberger-braun.cz\/cs\/wp-json\/wp\/v2\/media?parent=1326"}],"curies":[{"name":"wp","href":"https:\/\/api.w.org\/{rel}","templated":true}]}}