{"id":402,"date":"2017-01-10T09:46:14","date_gmt":"2017-01-10T09:46:14","guid":{"rendered":"http:\/\/www.kb.ea\/contacts\/"},"modified":"2017-01-14T13:46:57","modified_gmt":"2017-01-14T13:46:57","slug":"kontakt","status":"publish","type":"page","link":"https:\/\/www.kappenberger-braun.cz\/cs\/kb-expert\/kontakt\/","title":{"rendered":"Kontakt"},"content":{"rendered":"<p>A\u0165 u\u017e hled\u00e1te odpov\u011bdi v\u00e1m, cht\u011bli vy\u0159e\u0161it n\u011bjak\u00fd probl\u00e9m, nebo jen chcete, dejte n\u00e1m v\u011bd\u011bt, jak jsme to ud\u011blali, najdete mnoho zp\u016fsob\u016f, jak n\u00e1s kontaktovat p\u0159\u00edmo tady. Pom\u016f\u017eeme v\u00e1m rychle a snadno vy\u0159e\u0161it va\u0161e probl\u00e9my, dostat se zp\u00e1tky k d\u016fle\u017eit\u011bj\u0161\u00edm v\u011bcem, jako p\u0159i odpo\u010dinku na sv\u00e9m nov\u00e9m pohovku.<\/p>\n","protected":false},"excerpt":{"rendered":"<p>A\u0165 u\u017e hled\u00e1te odpov\u011bdi v\u00e1m, cht\u011bli vy\u0159e\u0161it n\u011bjak\u00fd probl\u00e9m, nebo jen chcete, dejte n\u00e1m v\u011bd\u011bt, jak jsme to ud\u011blali, najdete mnoho zp\u016fsob\u016f, jak n\u00e1s kontaktovat p\u0159\u00edmo tady. Pom\u016f\u017eeme v\u00e1m rychle a snadno vy\u0159e\u0161it va\u0161e probl\u00e9my, dostat se zp\u00e1tky k d\u016fle\u017eit\u011bj\u0161\u00edm v\u011bcem, jako p\u0159i odpo\u010dinku na sv\u00e9m nov\u00e9m pohovku.<\/p>\n","protected":false},"author":1,"featured_media":0,"parent":405,"menu_order":3,"comment_status":"closed","ping_status":"closed","template":"tpl-contact.php","meta":[],"_links":{"self":[{"href":"https:\/\/www.kappenberger-braun.cz\/cs\/wp-json\/wp\/v2\/pages\/402"}],"collection":[{"href":"https:\/\/www.kappenberger-braun.cz\/cs\/wp-json\/wp\/v2\/pages"}],"about":[{"href":"https:\/\/www.kappenberger-braun.cz\/cs\/wp-json\/wp\/v2\/types\/page"}],"author":[{"embeddable":true,"href":"https:\/\/www.kappenberger-braun.cz\/cs\/wp-json\/wp\/v2\/users\/1"}],"replies":[{"embeddable":true,"href":"https:\/\/www.kappenberger-braun.cz\/cs\/wp-json\/wp\/v2\/comments?post=402"}],"version-history":[{"count":3,"href":"https:\/\/www.kappenberger-braun.cz\/cs\/wp-json\/wp\/v2\/pages\/402\/revisions"}],"predecessor-version":[{"id":946,"href":"https:\/\/www.kappenberger-braun.cz\/cs\/wp-json\/wp\/v2\/pages\/402\/revisions\/946"}],"up":[{"embeddable":true,"href":"https:\/\/www.kappenberger-braun.cz\/cs\/wp-json\/wp\/v2\/pages\/405"}],"wp:attachment":[{"href":"https:\/\/www.kappenberger-braun.cz\/cs\/wp-json\/wp\/v2\/media?parent=402"}],"curies":[{"name":"wp","href":"https:\/\/api.w.org\/{rel}","templated":true}]}}