{"id":404,"date":"2017-01-10T09:43:30","date_gmt":"2017-01-10T09:43:30","guid":{"rendered":"http:\/\/www.kb.ea\/about-us\/"},"modified":"2017-01-22T23:36:59","modified_gmt":"2017-01-22T23:36:59","slug":"o-nas","status":"publish","type":"page","link":"https:\/\/www.kappenberger-braun.cz\/cs\/kb-expert\/o-nas\/","title":{"rendered":"O N\u00c1S"},"content":{"rendered":"<p>Firma K+B Expert v \u010cesk\u00e9 republice je \u0161pi\u010dkov\u00e1 s\u00ed\u0165 odborn\u00fdch maloobchodn\u00edch prodejen, kter\u00e1 na trhu nab\u00edz\u00ed spot\u0159ebn\u00ed a z\u00e1bavn\u00ed elektroniku. Spole\u010dnost m\u00e1 (v r\u00e1mci cel\u00e9ho sdru\u017een\u00ed firem expert \u010cR) 50 odborn\u00fdch obchod\u016f a market\u016f, z geografick\u00e9ho hlediska jsou na\u0161e v\u00fdrobky i slu\u017eby dostupn\u00e9 z\u00e1kazn\u00edk\u016fm na cel\u00e9m \u00fazem\u00ed \u010cesk\u00e9 republiky. Jsme sou\u010d\u00e1st\u00ed celosv\u011btov\u011b nejv\u011bt\u0161\u00edho sdru\u017een\u00ed odborn\u00fdch prodejen elektrospot\u0159ebi\u010d\u016f Expert International, tj. \u0159et\u011bzce v\u00edce ne\u017e 4.000 odborn\u00fdch prodejen v 21 zem\u00edch. Ve\u0161ker\u00fd tento komplex dosahuje celkov\u00e9ho objemu obratu p\u0159es 13 miliard EUR.<\/p>\n<p>V \u010dem spo\u010d\u00edv\u00e1 j\u00e1dro na\u0161eho \u00fasp\u011bchu? Dok\u00e1\u017eeme vyhov\u011bt p\u0159\u00e1n\u00edm z\u00e1kazn\u00edk\u016f. Um\u00edme realizovat a splnit jejich pot\u0159eby, v\u017edy v kombinaci s d\u016fmysln\u00fdm a profesion\u00e1ln\u00edm poradenstv\u00edm. Nab\u00edz\u00edme kompletn\u00ed sortiment v\u00fdrobk\u016f a slu\u017eeb za bezkonkuren\u010dn\u00ed ceny.<br \/>\n\u00dasp\u011b\u0161n\u011b provozujeme vlastn\u00ed e-shop na adrese www.expert.cz \u2013 touto cestou zprost\u0159edkujeme ka\u017ed\u00e9mu z\u00e1kazn\u00edku jedine\u010dn\u00fd z\u00e1\u017eitek a velmi p\u0159\u00edjemn\u00fd n\u00e1kup. K+B Expert je siln\u00fd obchodn\u00ed partner, \u0161pi\u010dkov\u00fd expert, kter\u00fd disponuje bohat\u00fdmi zku\u0161enostmi v oblasti provozov\u00e1n\u00ed s\u00edt\u011b maloobchodn\u00edch prodejen, na trhu v \u010cesk\u00e9 republice m\u00e1 vynikaj\u00edc\u00ed postaven\u00ed. Naprosto vynikaj\u00edc\u00ed kombinace pro to, abychom byli nejlep\u0161\u00ed.<\/p>\n<p>Nakupovat u n\u00e1s pro na\u0161e obchodn\u00ed partnery a z\u00e1kazn\u00edky znamen\u00e1 skv\u011bl\u00fd, jedine\u010dn\u00fd z\u00e1\u017eitek. My jsme expert na vyu\u017eit\u00ed nejmodern\u011bj\u0161\u00edch technologi\u00ed, s na\u0161\u00edm know-how uspokoj\u00edme i nejn\u00e1ro\u010dn\u011bj\u0161\u00ed po\u017eadavky.<br \/>\nB\u011bhem 25 let jsme vybudovali vynikaj\u00edc\u00ed t\u00fdm kvalifikovan\u00fdch expert\u016f na maloobchod, kte\u0159\u00ed disponuj\u00ed nejlep\u0161\u00edmi kompetencemi z hlediska \u010desk\u00e9ho trhu. Pro n\u00e1s to znamen\u00e1 perfektn\u00ed pozici prost\u0159edn\u00edka mezi dodavatelsk\u00fdmi subjekty a kone\u010dn\u00fdmi z\u00e1kazn\u00edky.<br \/>\nD\u00edky na\u0161im expert\u016fm jsme dos\u00e1hli nesrovnateln\u00e9 postaven\u00ed, kdy K+B Expert v \u010cesk\u00e9 republice je unik\u00e1t. Unik\u00e1t, kter\u00fd pat\u0159\u00ed k Expert International a p\u0159edstavuje z\u00e1ruku nejvy\u0161\u0161\u00ed kvality.<br \/>\nKa\u017ed\u00fd den, kdy\u017e z\u00e1kazn\u00edk odch\u00e1z\u00ed z kter\u00e9hokoli na\u0161eho obchodu, odch\u00e1z\u00ed bohat\u0161\u00ed o velmi kvalitn\u00ed zbo\u017e\u00ed, o \u00fa\u017easnou zku\u0161enost z n\u00e1kupu, nad\u0161en\u00ed. Z\u00e1rukou toho v\u0161eho je excelentn\u00ed servis, bez jak\u00e9ho si na\u0161i experti na odborn\u00fd obchod nedovedou svou pr\u00e1ci v\u016fbec p\u0159edstavit. Ka\u017ed\u00fd z nich absolvuje \u0159\u00e1dnou kvalifikovanou p\u0159\u00edpravu a za\u0161kolen\u00ed v na\u0161ich vlastn\u00edch \u0161kolic\u00edch st\u0159edisc\u00edch, kde se dokonale sezn\u00e1m\u00ed s na\u0161\u00ed koncepc\u00ed a filozofi\u00ed prodeje. Jedin\u011b tak z\u00edsk\u00e1 ka\u017ed\u00fd spolupracovn\u00edk nejlep\u0161\u00ed znalosti, kter\u00e9 n\u00e1sledn\u011b uplatn\u00ed v\u016f\u010di dodavatel\u016fm, obchodn\u00edm partner\u016fm a p\u0159edn\u00edm z\u00e1stupc\u016fm resortu pr\u016fmyslu. V prodejn\u00e1ch vedeme sv\u00e9 t\u00fdmy d\u016fsledn\u011b k tomu, aby z\u00e1kazn\u00edk\u016fm kdykoli ochotn\u011b poskytli \u0159\u00e1dn\u00e9 odborn\u00e9 rady v technick\u00fdch ot\u00e1zk\u00e1ch, aby byli na\u0161im z\u00e1kazn\u00edk\u016fm k dispozici ve v\u0161ech dal\u0161\u00edch oblastech, kter\u00e9 s prodejem technologi\u00ed souvis\u00ed. K+B Expert vyv\u00edj\u00ed snahu dob\u00fdt pozice nejlep\u0161\u00ed s\u00edt\u011b odborn\u00fdch prodejen elektro d\u00edky vynikajic\u00edm servisn\u00edm slu\u017eb\u00e1m, a rovn\u011b\u017e d\u00edky odborn\u00fdm technick\u00fdm kompetenc\u00edm nab\u00edzet nejlep\u0161\u00ed v\u00fdrobky, uspokojovat n\u00e1ro\u010dn\u00e1 p\u0159\u00e1n\u00ed a pot\u0159eby z\u00e1kazn\u00edk\u016f.<\/p>\n<p>M\u00e1te z\u00e1jem st\u00e1t se na\u0161\u00edm obchodn\u00edm partnerem? (<a href=\"http:\/\/www.kappenberger-braun.cz\/cs\/kb-expert\/kontakt\/\">link<\/a>)<\/p>\n","protected":false},"excerpt":{"rendered":"<p>Firma K+B Expert v \u010cesk\u00e9 republice je \u0161pi\u010dkov\u00e1 s\u00ed\u0165 odborn\u00fdch maloobchodn\u00edch prodejen, kter\u00e1 na trhu nab\u00edz\u00ed spot\u0159ebn\u00ed a z\u00e1bavn\u00ed elektroniku. Spole\u010dnost m\u00e1 (v r\u00e1mci cel\u00e9ho sdru\u017een\u00ed firem expert \u010cR) 50 odborn\u00fdch obchod\u016f a market\u016f, z geografick\u00e9ho hlediska jsou na\u0161e v\u00fdrobky i slu\u017eby dostupn\u00e9 z\u00e1kazn\u00edk\u016fm na cel\u00e9m \u00fazem\u00ed \u010cesk\u00e9 republiky. Jsme sou\u010d\u00e1st\u00ed celosv\u011btov\u011b nejv\u011bt\u0161\u00edho sdru\u017een\u00ed odborn\u00fdch prodejen elektrospot\u0159ebi\u010d\u016f Expert International, tj. \u0159et\u011bzce v\u00edce ne\u017e 4.000 odborn\u00fdch prodejen v 21 zem\u00edch. Ve\u0161ker\u00fd tento komplex dosahuje celkov\u00e9ho objemu obratu p\u0159es 13 miliard EUR. V \u010dem spo\u010d\u00edv\u00e1 j\u00e1dro na\u0161eho \u00fasp\u011bchu? Dok\u00e1\u017eeme vyhov\u011bt p\u0159\u00e1n\u00edm z\u00e1kazn\u00edk\u016f. Um\u00edme realizovat a splnit jejich pot\u0159eby, v\u017edy v kombinaci s d\u016fmysln\u00fdm a profesion\u00e1ln\u00edm poradenstv\u00edm. Nab\u00edz\u00edme kompletn\u00ed sortiment v\u00fdrobk\u016f a slu\u017eeb za bezkonkuren\u010dn\u00ed ceny. \u00dasp\u011b\u0161n\u011b provozujeme vlastn\u00ed e-shop na adrese www.expert.cz \u2013 touto cestou zprost\u0159edkujeme ka\u017ed\u00e9mu z\u00e1kazn\u00edku jedine\u010dn\u00fd z\u00e1\u017eitek a velmi p\u0159\u00edjemn\u00fd n\u00e1kup. K+B Expert je siln\u00fd obchodn\u00ed partner, \u0161pi\u010dkov\u00fd expert, kter\u00fd disponuje bohat\u00fdmi zku\u0161enostmi v oblasti provozov\u00e1n\u00ed s\u00edt\u011b maloobchodn\u00edch prodejen, na trhu v \u010cesk\u00e9 republice m\u00e1 vynikaj\u00edc\u00ed postaven\u00ed. Naprosto vynikaj\u00edc\u00ed kombinace pro to, abychom byli nejlep\u0161\u00ed. Nakupovat u n\u00e1s pro na\u0161e obchodn\u00ed partnery a z\u00e1kazn\u00edky znamen\u00e1 skv\u011bl\u00fd, jedine\u010dn\u00fd z\u00e1\u017eitek. My jsme expert na vyu\u017eit\u00ed nejmodern\u011bj\u0161\u00edch technologi\u00ed, s na\u0161\u00edm know-how uspokoj\u00edme i nejn\u00e1ro\u010dn\u011bj\u0161\u00ed po\u017eadavky. B\u011bhem 25 let jsme vybudovali vynikaj\u00edc\u00ed t\u00fdm kvalifikovan\u00fdch expert\u016f na maloobchod, kte\u0159\u00ed disponuj\u00ed nejlep\u0161\u00edmi kompetencemi z hlediska \u010desk\u00e9ho trhu. Pro n\u00e1s to znamen\u00e1 perfektn\u00ed pozici prost\u0159edn\u00edka mezi dodavatelsk\u00fdmi subjekty a kone\u010dn\u00fdmi z\u00e1kazn\u00edky. D\u00edky na\u0161im expert\u016fm jsme dos\u00e1hli nesrovnateln\u00e9 postaven\u00ed, kdy K+B Expert v \u010cesk\u00e9 republice je unik\u00e1t. Unik\u00e1t, kter\u00fd pat\u0159\u00ed k Expert International a p\u0159edstavuje z\u00e1ruku nejvy\u0161\u0161\u00ed kvality. Ka\u017ed\u00fd den, kdy\u017e z\u00e1kazn\u00edk odch\u00e1z\u00ed z kter\u00e9hokoli na\u0161eho obchodu, odch\u00e1z\u00ed bohat\u0161\u00ed o velmi kvalitn\u00ed zbo\u017e\u00ed, o \u00fa\u017easnou zku\u0161enost z n\u00e1kupu, nad\u0161en\u00ed. Z\u00e1rukou toho v\u0161eho je excelentn\u00ed servis, bez jak\u00e9ho si na\u0161i experti na odborn\u00fd obchod nedovedou svou pr\u00e1ci v\u016fbec p\u0159edstavit. Ka\u017ed\u00fd z nich absolvuje \u0159\u00e1dnou kvalifikovanou p\u0159\u00edpravu a za\u0161kolen\u00ed v na\u0161ich vlastn\u00edch \u0161kolic\u00edch st\u0159edisc\u00edch, kde se dokonale sezn\u00e1m\u00ed s na\u0161\u00ed koncepc\u00ed a filozofi\u00ed prodeje. Jedin\u011b tak z\u00edsk\u00e1 ka\u017ed\u00fd spolupracovn\u00edk nejlep\u0161\u00ed znalosti, kter\u00e9 n\u00e1sledn\u011b uplatn\u00ed v\u016f\u010di dodavatel\u016fm, obchodn\u00edm partner\u016fm a p\u0159edn\u00edm z\u00e1stupc\u016fm resortu pr\u016fmyslu. V prodejn\u00e1ch vedeme sv\u00e9 t\u00fdmy d\u016fsledn\u011b &hellip;<\/p>\n","protected":false},"author":1,"featured_media":1531,"parent":405,"menu_order":1,"comment_status":"closed","ping_status":"closed","template":"tpl-about.php","meta":[],"_links":{"self":[{"href":"https:\/\/www.kappenberger-braun.cz\/cs\/wp-json\/wp\/v2\/pages\/404"}],"collection":[{"href":"https:\/\/www.kappenberger-braun.cz\/cs\/wp-json\/wp\/v2\/pages"}],"about":[{"href":"https:\/\/www.kappenberger-braun.cz\/cs\/wp-json\/wp\/v2\/types\/page"}],"author":[{"embeddable":true,"href":"https:\/\/www.kappenberger-braun.cz\/cs\/wp-json\/wp\/v2\/users\/1"}],"replies":[{"embeddable":true,"href":"https:\/\/www.kappenberger-braun.cz\/cs\/wp-json\/wp\/v2\/comments?post=404"}],"version-history":[{"count":5,"href":"https:\/\/www.kappenberger-braun.cz\/cs\/wp-json\/wp\/v2\/pages\/404\/revisions"}],"predecessor-version":[{"id":996,"href":"https:\/\/www.kappenberger-braun.cz\/cs\/wp-json\/wp\/v2\/pages\/404\/revisions\/996"}],"up":[{"embeddable":true,"href":"https:\/\/www.kappenberger-braun.cz\/cs\/wp-json\/wp\/v2\/pages\/405"}],"wp:featuredmedia":[{"embeddable":true,"href":"https:\/\/www.kappenberger-braun.cz\/cs\/wp-json\/wp\/v2\/media\/1531"}],"wp:attachment":[{"href":"https:\/\/www.kappenberger-braun.cz\/cs\/wp-json\/wp\/v2\/media?parent=404"}],"curies":[{"name":"wp","href":"https:\/\/api.w.org\/{rel}","templated":true}]}}