{"id":407,"date":"2017-01-10T08:28:11","date_gmt":"2017-01-10T08:28:11","guid":{"rendered":"http:\/\/www.kb.ea\/careers\/"},"modified":"2018-09-24T14:48:32","modified_gmt":"2018-09-24T14:48:32","slug":"kariera","status":"publish","type":"page","link":"https:\/\/www.kappenberger-braun.cz\/cs\/kb-progress\/kariera\/","title":{"rendered":"Kari\u00e9ra"},"content":{"rendered":"<p>P\u0159isp\u00edv\u00e1me ke zm\u011bn\u00e1m v oblasti pr\u016fmyslu, nad\u0161en\u00ed z\u00e1kazn\u00edk\u016f si dovedeme z\u00edskat dokonalej\u0161\u00edmi servisn\u00edmi slu\u017ebami, d\u016fsledn\u00fdmi inovacemi, a hlavn\u011b t\u00edm nejd\u016fle\u017eit\u011bj\u0161\u00edm, tedy transparentn\u00edmi cenami. Sta\u0148te se sou\u010d\u00e1st\u00ed na\u0161\u00ed firmy a pod\u00edlejte se na intenzivn\u00ed realizaci na\u0161ich strategi\u00ed. I Vy m\u00e1te mo\u017enost st\u00e1t se jedn\u00edm z n\u00e1s, b\u00fdt sou\u010d\u00e1st\u00ed na\u0161\u00ed spole\u010dnosti, p\u0159isp\u011bt k d\u016fmysln\u00e9mu uplatn\u011bn\u00ed na\u0161\u00ed strategie, kterou se sna\u017e\u00edme nav\u017edy zm\u011bnit distribu\u010dn\u00ed prost\u0159ed\u00ed.<br \/>\nVyt\u00fd\u010dili jste si c\u00edl realizovat n\u00e1ro\u010dn\u00fd projekt? Zaj\u00edm\u00e1te se o dynamick\u00fd a p\u0159evratn\u00fd sv\u011bt technologi\u00ed? Hled\u00e1te pracovn\u00ed uplatn\u011bn\u00ed, ve kter\u00e9m m\u016f\u017eete sami ovliv\u0148ovat b\u011bh ud\u00e1lost\u00ed? R\u00e1di pracujete v kolektivu v\u00fdborn\u00fdch koleg\u016f, kte\u0159\u00ed V\u00e1m pomohou st\u00e1t se \u00fasp\u011b\u0161n\u00fdmi?<br \/>\nU firmy K+B Progres r\u00e1di realizujeme n\u00e1ro\u010dn\u00e9 projekty, neust\u00e1le si klademe za c\u00edl zdokonalit v\u0161echny aspekty na\u0161ich obchodn\u00edch \u010dinnost\u00ed. Budeme r\u00e1di, kdy\u017e se pr\u00e1v\u011b Vy stanete sou\u010d\u00e1st\u00ed na\u0161eho t\u00fdmu!                                                          <\/p>\n<p><strong>Jak tedy postupovat?<\/strong><br \/>\nK+B Progres neust\u00e1le zve\u0159ej\u0148uje aktu\u00e1ln\u00ed informace o tom, kter\u00e9 pracovn\u00ed m\u00edsto je u n\u00e1s pr\u00e1v\u011b voln\u00e9. Chcete-li se o danou pozici uch\u00e1zet, za\u0161lete informace, po\u017eadovan\u00e9 v popisu p\u0159\u00edslu\u0161n\u00e9ho pracovn\u00edho m\u00edsta, na\u0161emu person\u00e1ln\u00edmu odd\u011blen\u00ed.<\/p>\n","protected":false},"excerpt":{"rendered":"<p>P\u0159isp\u00edv\u00e1me ke zm\u011bn\u00e1m v oblasti pr\u016fmyslu, nad\u0161en\u00ed z\u00e1kazn\u00edk\u016f si dovedeme z\u00edskat dokonalej\u0161\u00edmi servisn\u00edmi slu\u017ebami, d\u016fsledn\u00fdmi inovacemi, a hlavn\u011b t\u00edm nejd\u016fle\u017eit\u011bj\u0161\u00edm, tedy transparentn\u00edmi cenami. Sta\u0148te se sou\u010d\u00e1st\u00ed na\u0161\u00ed firmy a pod\u00edlejte se na intenzivn\u00ed realizaci na\u0161ich strategi\u00ed. I Vy m\u00e1te mo\u017enost st\u00e1t se jedn\u00edm z n\u00e1s, b\u00fdt sou\u010d\u00e1st\u00ed na\u0161\u00ed spole\u010dnosti, p\u0159isp\u011bt k d\u016fmysln\u00e9mu uplatn\u011bn\u00ed na\u0161\u00ed strategie, kterou se sna\u017e\u00edme nav\u017edy zm\u011bnit distribu\u010dn\u00ed prost\u0159ed\u00ed. Vyt\u00fd\u010dili jste si c\u00edl realizovat n\u00e1ro\u010dn\u00fd projekt? Zaj\u00edm\u00e1te se o dynamick\u00fd a p\u0159evratn\u00fd sv\u011bt technologi\u00ed? Hled\u00e1te pracovn\u00ed uplatn\u011bn\u00ed, ve kter\u00e9m m\u016f\u017eete sami ovliv\u0148ovat b\u011bh ud\u00e1lost\u00ed? R\u00e1di pracujete v kolektivu v\u00fdborn\u00fdch koleg\u016f, kte\u0159\u00ed V\u00e1m pomohou st\u00e1t se \u00fasp\u011b\u0161n\u00fdmi? U firmy K+B Progres r\u00e1di realizujeme n\u00e1ro\u010dn\u00e9 projekty, neust\u00e1le si klademe za c\u00edl zdokonalit v\u0161echny aspekty na\u0161ich obchodn\u00edch \u010dinnost\u00ed. Budeme r\u00e1di, kdy\u017e se pr\u00e1v\u011b Vy stanete sou\u010d\u00e1st\u00ed na\u0161eho t\u00fdmu! Jak tedy postupovat? K+B Progres neust\u00e1le zve\u0159ej\u0148uje aktu\u00e1ln\u00ed informace o tom, kter\u00e9 pracovn\u00ed m\u00edsto je u n\u00e1s pr\u00e1v\u011b voln\u00e9. Chcete-li se o danou pozici uch\u00e1zet, za\u0161lete informace, po\u017eadovan\u00e9 v popisu p\u0159\u00edslu\u0161n\u00e9ho pracovn\u00edho m\u00edsta, na\u0161emu person\u00e1ln\u00edmu odd\u011blen\u00ed.<\/p>\n","protected":false},"author":1,"featured_media":1549,"parent":411,"menu_order":3,"comment_status":"closed","ping_status":"closed","template":"tpl-careers.php","meta":[],"_links":{"self":[{"href":"https:\/\/www.kappenberger-braun.cz\/cs\/wp-json\/wp\/v2\/pages\/407"}],"collection":[{"href":"https:\/\/www.kappenberger-braun.cz\/cs\/wp-json\/wp\/v2\/pages"}],"about":[{"href":"https:\/\/www.kappenberger-braun.cz\/cs\/wp-json\/wp\/v2\/types\/page"}],"author":[{"embeddable":true,"href":"https:\/\/www.kappenberger-braun.cz\/cs\/wp-json\/wp\/v2\/users\/1"}],"replies":[{"embeddable":true,"href":"https:\/\/www.kappenberger-braun.cz\/cs\/wp-json\/wp\/v2\/comments?post=407"}],"version-history":[{"count":8,"href":"https:\/\/www.kappenberger-braun.cz\/cs\/wp-json\/wp\/v2\/pages\/407\/revisions"}],"predecessor-version":[{"id":1309,"href":"https:\/\/www.kappenberger-braun.cz\/cs\/wp-json\/wp\/v2\/pages\/407\/revisions\/1309"}],"up":[{"embeddable":true,"href":"https:\/\/www.kappenberger-braun.cz\/cs\/wp-json\/wp\/v2\/pages\/411"}],"wp:featuredmedia":[{"embeddable":true,"href":"https:\/\/www.kappenberger-braun.cz\/cs\/wp-json\/wp\/v2\/media\/1549"}],"wp:attachment":[{"href":"https:\/\/www.kappenberger-braun.cz\/cs\/wp-json\/wp\/v2\/media?parent=407"}],"curies":[{"name":"wp","href":"https:\/\/api.w.org\/{rel}","templated":true}]}}