{"id":671,"date":"2017-01-12T09:00:45","date_gmt":"2017-01-12T09:00:45","guid":{"rendered":"http:\/\/www.kappenberger-braun.cz\/careers\/"},"modified":"2018-09-24T15:13:37","modified_gmt":"2018-09-24T15:13:37","slug":"karriere","status":"publish","type":"page","link":"https:\/\/www.kappenberger-braun.cz\/de\/kb\/karriere\/","title":{"rendered":"Karriere"},"content":{"rendered":"<p>Mit der Geschichte unseres Unternehmens, dessen Weg bereits im Jahr 1960 begann, pflegen wir die Werte unserer Familien und bleiben eines der wichtigsten Unternehmen in der Region Bayern in Deutschland.Um sich zu bewerben, senden Sie die in der Stellenbeschreibung angegebenen Informationen an unsere Personalabteilung.Wir ver\u00e4ndern die Industrie durch das Angebot eines besseren Kundenerlebnisses, besseren Kundenservice, durch kontinuierliche Innovationen und, das wichtigste, durch transparente Preise. Werden Sie Teil unseres Unternehmens und wirken Sie mit bei der kraftvollen Umsetzung unserer Strategie, welche die Distributionslandschaft f\u00fcr immer ver\u00e4ndert. Sind Sie jemand, der Herausforderungen sucht und interessiert an einer dynamischen, schnellebigen Welt der Technologie ? Suchen Sie einen Arbeitsplatz, wo Sie Dinge beeinflussen k\u00f6nnen ? Arbeiten Sie gerne in einer Umgebung mit tollen Leuten, die Ihnen helfen erfolgreich zu sein ? Bei K+B Expert lieben wir neue Herausforderungen, immer mit dem Ziel alle Aspekte unseres Gesch\u00e4fts zu verbessern. Wir w\u00fcrden uns freuen, wenn Sie Teil unseres Teams werden ! Wie kann ich mich bewerben K+B Expert informiert laufend \u00fcber seine aktuellen Stellenangebote. Um sich f\u00fcr eine Position zu bewerben, senden Sie die in der Stellenbeschreibung angegebenen Informationen an unsere Personalabteilung.<\/p>\n","protected":false},"excerpt":{"rendered":"<p>Mit der Geschichte unseres Unternehmens, dessen Weg bereits im Jahr 1960 begann, pflegen wir die Werte unserer Familien und bleiben eines der wichtigsten Unternehmen in der Region Bayern in Deutschland.Um sich zu bewerben, senden Sie die in der Stellenbeschreibung angegebenen Informationen an unsere Personalabteilung.Wir ver\u00e4ndern die Industrie durch das Angebot eines besseren Kundenerlebnisses, besseren Kundenservice, durch kontinuierliche Innovationen und, das wichtigste, durch transparente Preise. Werden Sie Teil unseres Unternehmens und wirken Sie mit bei der kraftvollen Umsetzung unserer Strategie, welche die Distributionslandschaft f\u00fcr immer ver\u00e4ndert. Sind Sie jemand, der Herausforderungen sucht und interessiert an einer dynamischen, schnellebigen Welt der Technologie ? Suchen Sie einen Arbeitsplatz, wo Sie Dinge beeinflussen k\u00f6nnen ? Arbeiten Sie gerne in einer Umgebung mit tollen Leuten, die Ihnen helfen erfolgreich zu sein ? Bei K+B Expert lieben wir neue Herausforderungen, immer mit dem Ziel alle Aspekte unseres Gesch\u00e4fts zu verbessern. Wir w\u00fcrden uns freuen, wenn Sie Teil unseres Teams werden ! Wie kann ich mich bewerben K+B Expert informiert laufend \u00fcber seine aktuellen Stellenangebote. Um sich f\u00fcr eine Position zu bewerben, senden Sie die in der Stellenbeschreibung angegebenen Informationen an unsere Personalabteilung.<\/p>\n","protected":false},"author":1,"featured_media":0,"parent":677,"menu_order":1,"comment_status":"closed","ping_status":"closed","template":"tpl-careers.php","meta":[],"_links":{"self":[{"href":"https:\/\/www.kappenberger-braun.cz\/de\/wp-json\/wp\/v2\/pages\/671"}],"collection":[{"href":"https:\/\/www.kappenberger-braun.cz\/de\/wp-json\/wp\/v2\/pages"}],"about":[{"href":"https:\/\/www.kappenberger-braun.cz\/de\/wp-json\/wp\/v2\/types\/page"}],"author":[{"embeddable":true,"href":"https:\/\/www.kappenberger-braun.cz\/de\/wp-json\/wp\/v2\/users\/1"}],"replies":[{"embeddable":true,"href":"https:\/\/www.kappenberger-braun.cz\/de\/wp-json\/wp\/v2\/comments?post=671"}],"version-history":[{"count":6,"href":"https:\/\/www.kappenberger-braun.cz\/de\/wp-json\/wp\/v2\/pages\/671\/revisions"}],"predecessor-version":[{"id":1317,"href":"https:\/\/www.kappenberger-braun.cz\/de\/wp-json\/wp\/v2\/pages\/671\/revisions\/1317"}],"up":[{"embeddable":true,"href":"https:\/\/www.kappenberger-braun.cz\/de\/wp-json\/wp\/v2\/pages\/677"}],"wp:attachment":[{"href":"https:\/\/www.kappenberger-braun.cz\/de\/wp-json\/wp\/v2\/media?parent=671"}],"curies":[{"name":"wp","href":"https:\/\/api.w.org\/{rel}","templated":true}]}}