{"id":678,"date":"2017-01-10T09:46:14","date_gmt":"2017-01-10T09:46:14","guid":{"rendered":"http:\/\/www.kappenberger-braun.cz\/contacts\/"},"modified":"2017-01-15T12:09:25","modified_gmt":"2017-01-15T12:09:25","slug":"kontaktiere-uns","status":"publish","type":"page","link":"https:\/\/www.kappenberger-braun.cz\/de\/kb-expert\/kontaktiere-uns\/","title":{"rendered":"Kontaktiere uns"},"content":{"rendered":"<p>Egal, ob Sie nach Antworten suchen, ein Problem l\u00f6sen oder einfach nur wissen wollen, wie wir das gemacht haben, hier finden Sie viele M\u00f6glichkeiten, uns zu kontaktieren. Wir helfen Ihnen, Ihre Probleme schnell und einfach zu beheben, so dass Sie zur\u00fcck zu wichtigeren Dingen, wie entspannen auf Ihrem neuen Sofa.<\/p>\n","protected":false},"excerpt":{"rendered":"<p>Egal, ob Sie nach Antworten suchen, ein Problem l\u00f6sen oder einfach nur wissen wollen, wie wir das gemacht haben, hier finden Sie viele M\u00f6glichkeiten, uns zu kontaktieren. Wir helfen Ihnen, Ihre Probleme schnell und einfach zu beheben, so dass Sie zur\u00fcck zu wichtigeren Dingen, wie entspannen auf Ihrem neuen Sofa.<\/p>\n","protected":false},"author":1,"featured_media":0,"parent":681,"menu_order":3,"comment_status":"closed","ping_status":"closed","template":"tpl-contact.php","meta":[],"_links":{"self":[{"href":"https:\/\/www.kappenberger-braun.cz\/de\/wp-json\/wp\/v2\/pages\/678"}],"collection":[{"href":"https:\/\/www.kappenberger-braun.cz\/de\/wp-json\/wp\/v2\/pages"}],"about":[{"href":"https:\/\/www.kappenberger-braun.cz\/de\/wp-json\/wp\/v2\/types\/page"}],"author":[{"embeddable":true,"href":"https:\/\/www.kappenberger-braun.cz\/de\/wp-json\/wp\/v2\/users\/1"}],"replies":[{"embeddable":true,"href":"https:\/\/www.kappenberger-braun.cz\/de\/wp-json\/wp\/v2\/comments?post=678"}],"version-history":[{"count":3,"href":"https:\/\/www.kappenberger-braun.cz\/de\/wp-json\/wp\/v2\/pages\/678\/revisions"}],"predecessor-version":[{"id":1041,"href":"https:\/\/www.kappenberger-braun.cz\/de\/wp-json\/wp\/v2\/pages\/678\/revisions\/1041"}],"up":[{"embeddable":true,"href":"https:\/\/www.kappenberger-braun.cz\/de\/wp-json\/wp\/v2\/pages\/681"}],"wp:attachment":[{"href":"https:\/\/www.kappenberger-braun.cz\/de\/wp-json\/wp\/v2\/media?parent=678"}],"curies":[{"name":"wp","href":"https:\/\/api.w.org\/{rel}","templated":true}]}}