{"id":680,"date":"2017-01-10T09:43:30","date_gmt":"2017-01-10T09:43:30","guid":{"rendered":"http:\/\/www.kappenberger-braun.cz\/about-us\/"},"modified":"2017-01-23T08:20:54","modified_gmt":"2017-01-23T08:20:54","slug":"ueber-uns","status":"publish","type":"page","link":"https:\/\/www.kappenberger-braun.cz\/de\/kb-expert\/ueber-uns\/","title":{"rendered":"\u00dcber uns"},"content":{"rendered":"<p>Die Firma K+B Expert ist ein f\u00fchrendes Einzelhandelsunternehmen im Bereich Unterhaltungselektronik in Tschechien, da\u00df mit seinen 50 Verkaufsstellen (Gesamt expert CZ) das gesamte Gebiet des Landes geographisch abdeckt. Wir sind Mitglied der Expert International, dem weltweit gr\u00f6\u00dften Netz von Elektrofachgesch\u00e4ften mit mehr als 4.000 Gesch\u00e4ften in 21 L\u00e4ndern mit einem gesamten Umsatzvolumen von mehr als 13 Milliarden Euro.<\/p>\n<p>Unser Erfolgsgeheimnis ist die F\u00e4higkeit, die Bed\u00fcrfnisse und W\u00fcnsche der Kunden zu erf\u00fcllen, kombiniert mit aufrichtiger, professioneller Beratung und dem Angebot eines kompletten Sortimentes an Produkten und Dienstleistungen zu konkurrenzf\u00e4higen Preisen.<\/p>\n<p>Unser web-shop www.expert.cz erm\u00f6glicht ein einzigartiges, angenehmes Einkaufserlebnis f\u00fcr den Kunden.<br \/>\nK+B Expert ist eine starke Markengemeinschaft, verbunden mit einer internationalen Einzelhandelerfahrung und einer starken lokalen Pr\u00e4senz, was die unschlagbare Kombination f\u00fcr den Erfolg darstellt.<\/p>\n<p>Wir bieten unseren Gesch\u00e4ftspartnern und Kunden ein einzigarties Erlebnis. Durch die Nutzung der modernsten Technologie und unseres Know How befriedigen wir auch die h\u00f6chsten Kundenanspr\u00fcche.<br \/>\nIn 25 Jahren haben wir ein kompetentes Team von Einzelhandelsexperten aufgebaut, das f\u00fcr den tschechischen Markt zust\u00e4ndig sind und die Garantie daf\u00fcr darstellt, da\u00df wir die perfekte Verbindung zwischen den Lieferanten und den Endkunden darstellen.<\/p>\n<p>Unser Expertenteam gibt uns die unvergleichliche Stellung, die K+B Expert zu einer einzigartigen Firma in Tschechien macht und durch die Qualit\u00e4tsgarantie als Mitglied der Expert International unterst\u00fctzt wird. Produkte von h\u00f6chster Qualit\u00e4t und ausgezeichneter Kundenzufriedenheit finden sich t\u00e4glich in unseren Einzel- handelsgesch\u00e4ften; dies garantieren wir durch unsere kompetentes Mitarbeiterbekenntnis zu exzellentem Service.<br \/>\nJeder unserer Shop-Experten wird geschult in unseren lokalen Schulungseinrichtungen, wo unser kundenorientiertes Verkaufskonzept ihnen das beste Wissen vermittelt, was jeder unser Mitarbeiter durch den Einblick von unseren Lieferanten, Partnern und den f\u00fchrenden Industrievertretern zu \u00fcbertragen vermag. Unsere spezialisiertes Shop-Verkaufsteam ist dazu angehalten, den Kunden mit Beratung f\u00fcr technischen Fragen als auch andere relevante Angelegenheiten zur Verf\u00fcgung zu stehen. Bei K+B Expert bem\u00fchen wir uns, der beste Elektronik-Fachh\u00e4ndler in Tschechien zu sein mit einem exzellenten Service sowie technischer Fachkompetenz, die besten Produkte anzubieten und die Herausforderung unserer Kundenbed\u00fcrfnisse zu befriedigen.<\/p>\n<p>Haben Sie Interesse, ein Gesch\u00e4ftspartner von uns zu werden <a href=\"http:\/\/www.kappenberger-braun.cz\/de\/kb-expert\/contacts\/\">link<\/a>.<\/p>\n","protected":false},"excerpt":{"rendered":"<p>Die Firma K+B Expert ist ein f\u00fchrendes Einzelhandelsunternehmen im Bereich Unterhaltungselektronik in Tschechien, da\u00df mit seinen 50 Verkaufsstellen (Gesamt expert CZ) das gesamte Gebiet des Landes geographisch abdeckt. Wir sind Mitglied der Expert International, dem weltweit gr\u00f6\u00dften Netz von Elektrofachgesch\u00e4ften mit mehr als 4.000 Gesch\u00e4ften in 21 L\u00e4ndern mit einem gesamten Umsatzvolumen von mehr als 13 Milliarden Euro. Unser Erfolgsgeheimnis ist die F\u00e4higkeit, die Bed\u00fcrfnisse und W\u00fcnsche der Kunden zu erf\u00fcllen, kombiniert mit aufrichtiger, professioneller Beratung und dem Angebot eines kompletten Sortimentes an Produkten und Dienstleistungen zu konkurrenzf\u00e4higen Preisen. Unser web-shop www.expert.cz erm\u00f6glicht ein einzigartiges, angenehmes Einkaufserlebnis f\u00fcr den Kunden. K+B Expert ist eine starke Markengemeinschaft, verbunden mit einer internationalen Einzelhandelerfahrung und einer starken lokalen Pr\u00e4senz, was die unschlagbare Kombination f\u00fcr den Erfolg darstellt. Wir bieten unseren Gesch\u00e4ftspartnern und Kunden ein einzigarties Erlebnis. Durch die Nutzung der modernsten Technologie und unseres Know How befriedigen wir auch die h\u00f6chsten Kundenanspr\u00fcche. In 25 Jahren haben wir ein kompetentes Team von Einzelhandelsexperten aufgebaut, das f\u00fcr den tschechischen Markt zust\u00e4ndig sind und die Garantie daf\u00fcr darstellt, da\u00df wir die perfekte Verbindung zwischen den Lieferanten und den Endkunden darstellen. Unser Expertenteam gibt uns die unvergleichliche Stellung, die K+B Expert zu einer einzigartigen Firma in Tschechien macht und durch die Qualit\u00e4tsgarantie als Mitglied der Expert International unterst\u00fctzt wird. Produkte von h\u00f6chster Qualit\u00e4t und ausgezeichneter Kundenzufriedenheit finden sich t\u00e4glich in unseren Einzel- handelsgesch\u00e4ften; dies garantieren wir durch unsere kompetentes Mitarbeiterbekenntnis zu exzellentem Service. Jeder unserer Shop-Experten wird geschult in unseren lokalen Schulungseinrichtungen, wo unser kundenorientiertes Verkaufskonzept ihnen das beste Wissen vermittelt, was jeder unser Mitarbeiter durch den Einblick von unseren Lieferanten, Partnern und den f\u00fchrenden Industrievertretern zu \u00fcbertragen vermag. Unsere spezialisiertes Shop-Verkaufsteam ist dazu angehalten, den Kunden mit Beratung f\u00fcr technischen Fragen als auch andere relevante Angelegenheiten zur Verf\u00fcgung zu stehen. Bei K+B Expert bem\u00fchen wir uns, der beste Elektronik-Fachh\u00e4ndler in Tschechien zu sein mit einem exzellenten Service sowie technischer Fachkompetenz, die besten Produkte anzubieten und die Herausforderung unserer Kundenbed\u00fcrfnisse zu befriedigen. Haben Sie Interesse, ein Gesch\u00e4ftspartner von uns zu werden link.<\/p>\n","protected":false},"author":1,"featured_media":1532,"parent":681,"menu_order":1,"comment_status":"closed","ping_status":"closed","template":"tpl-about.php","meta":[],"_links":{"self":[{"href":"https:\/\/www.kappenberger-braun.cz\/de\/wp-json\/wp\/v2\/pages\/680"}],"collection":[{"href":"https:\/\/www.kappenberger-braun.cz\/de\/wp-json\/wp\/v2\/pages"}],"about":[{"href":"https:\/\/www.kappenberger-braun.cz\/de\/wp-json\/wp\/v2\/types\/page"}],"author":[{"embeddable":true,"href":"https:\/\/www.kappenberger-braun.cz\/de\/wp-json\/wp\/v2\/users\/1"}],"replies":[{"embeddable":true,"href":"https:\/\/www.kappenberger-braun.cz\/de\/wp-json\/wp\/v2\/comments?post=680"}],"version-history":[{"count":3,"href":"https:\/\/www.kappenberger-braun.cz\/de\/wp-json\/wp\/v2\/pages\/680\/revisions"}],"predecessor-version":[{"id":1037,"href":"https:\/\/www.kappenberger-braun.cz\/de\/wp-json\/wp\/v2\/pages\/680\/revisions\/1037"}],"up":[{"embeddable":true,"href":"https:\/\/www.kappenberger-braun.cz\/de\/wp-json\/wp\/v2\/pages\/681"}],"wp:featuredmedia":[{"embeddable":true,"href":"https:\/\/www.kappenberger-braun.cz\/de\/wp-json\/wp\/v2\/media\/1532"}],"wp:attachment":[{"href":"https:\/\/www.kappenberger-braun.cz\/de\/wp-json\/wp\/v2\/media?parent=680"}],"curies":[{"name":"wp","href":"https:\/\/api.w.org\/{rel}","templated":true}]}}