{"id":683,"date":"2017-01-10T08:28:11","date_gmt":"2017-01-10T08:28:11","guid":{"rendered":"http:\/\/www.kappenberger-braun.cz\/careers\/"},"modified":"2018-09-24T14:54:18","modified_gmt":"2018-09-24T14:54:18","slug":"berufsfelder","status":"publish","type":"page","link":"https:\/\/www.kappenberger-braun.cz\/de\/kb-progress\/berufsfelder\/","title":{"rendered":"Karriere"},"content":{"rendered":"<p>Wir ver\u00e4ndern die Industrie durch das Angebot eines besseren Kundenerlebnisses, besseren Kundenservice, durch kontinuierliche Innovationen und, das wichtigste, durch transparente Preise. Werden Sie Teil unseres Unternehmens und wirken Sie mit bei der kraftvollen Umsetzung unserer Strategie, welche die Distributionslandschaft f\u00fcr immer ver\u00e4ndert.<\/p>\n<p>Sind Sie jemand, der Herausforderungen sucht und interessiert an einer dynamischen, schnellebigen Welt der Technologie ? Suchen Sie einen Arbeitsplatz, wo Sie Dinge beeinflussen k\u00f6nnen ? Arbeiten Sie gerne in einer Umgebung mit tollen Leuten, die Ihnen helfen erfolgreich zu sein ?<\/p>\n<p>Bei K+B Progres lieben wir neue Herausforderungen, immer mit dem Ziel alle Aspekte unseres Gesch\u00e4fts zu verbessern. Wir w\u00fcrden uns freuen, wenn Sie Teil unseres Teams werden !<\/p>\n<p>Wie kann ich mich bewerben ?<\/p>\n<p>K+B Progres informiert laufend \u00fcber seine aktuellen Stellenangebote. Um sich f\u00fcr eine Position zu bewerben, senden Sie die in der Stellenbeschreibung angegebenen Informationen an unsere Personalabteilung.<\/p>\n","protected":false},"excerpt":{"rendered":"<p>Wir ver\u00e4ndern die Industrie durch das Angebot eines besseren Kundenerlebnisses, besseren Kundenservice, durch kontinuierliche Innovationen und, das wichtigste, durch transparente Preise. Werden Sie Teil unseres Unternehmens und wirken Sie mit bei der kraftvollen Umsetzung unserer Strategie, welche die Distributionslandschaft f\u00fcr immer ver\u00e4ndert. Sind Sie jemand, der Herausforderungen sucht und interessiert an einer dynamischen, schnellebigen Welt der Technologie ? Suchen Sie einen Arbeitsplatz, wo Sie Dinge beeinflussen k\u00f6nnen ? Arbeiten Sie gerne in einer Umgebung mit tollen Leuten, die Ihnen helfen erfolgreich zu sein ? Bei K+B Progres lieben wir neue Herausforderungen, immer mit dem Ziel alle Aspekte unseres Gesch\u00e4fts zu verbessern. Wir w\u00fcrden uns freuen, wenn Sie Teil unseres Teams werden ! Wie kann ich mich bewerben ? K+B Progres informiert laufend \u00fcber seine aktuellen Stellenangebote. Um sich f\u00fcr eine Position zu bewerben, senden Sie die in der Stellenbeschreibung angegebenen Informationen an unsere Personalabteilung.<\/p>\n","protected":false},"author":1,"featured_media":1550,"parent":687,"menu_order":3,"comment_status":"closed","ping_status":"closed","template":"tpl-careers.php","meta":[],"_links":{"self":[{"href":"https:\/\/www.kappenberger-braun.cz\/de\/wp-json\/wp\/v2\/pages\/683"}],"collection":[{"href":"https:\/\/www.kappenberger-braun.cz\/de\/wp-json\/wp\/v2\/pages"}],"about":[{"href":"https:\/\/www.kappenberger-braun.cz\/de\/wp-json\/wp\/v2\/types\/page"}],"author":[{"embeddable":true,"href":"https:\/\/www.kappenberger-braun.cz\/de\/wp-json\/wp\/v2\/users\/1"}],"replies":[{"embeddable":true,"href":"https:\/\/www.kappenberger-braun.cz\/de\/wp-json\/wp\/v2\/comments?post=683"}],"version-history":[{"count":7,"href":"https:\/\/www.kappenberger-braun.cz\/de\/wp-json\/wp\/v2\/pages\/683\/revisions"}],"predecessor-version":[{"id":1310,"href":"https:\/\/www.kappenberger-braun.cz\/de\/wp-json\/wp\/v2\/pages\/683\/revisions\/1310"}],"up":[{"embeddable":true,"href":"https:\/\/www.kappenberger-braun.cz\/de\/wp-json\/wp\/v2\/pages\/687"}],"wp:featuredmedia":[{"embeddable":true,"href":"https:\/\/www.kappenberger-braun.cz\/de\/wp-json\/wp\/v2\/media\/1550"}],"wp:attachment":[{"href":"https:\/\/www.kappenberger-braun.cz\/de\/wp-json\/wp\/v2\/media?parent=683"}],"curies":[{"name":"wp","href":"https:\/\/api.w.org\/{rel}","templated":true}]}}